{"id":8561,"date":"2020-05-13T17:23:25","date_gmt":"2020-05-13T17:23:25","guid":{"rendered":"https:\/\/krokit.org\/o-nas\/"},"modified":"2020-12-10T16:27:47","modified_gmt":"2020-12-10T16:27:47","slug":"o-nas","status":"publish","type":"page","link":"https:\/\/krokit.org\/es\/o-nas\/","title":{"rendered":"Sobre nosotros"},"content":{"rendered":"<div class=\"wpb-content-wrapper\"><p>[vc_row][vc_column][vc_custom_heading text=&#8221;\u00bfQuienes somos?&#8221; google_fonts=&#8221;font_family:Montserrat%3Aregular%2C700|font_style:400%20regular%3A400%3Anormal&#8221;][vc_row_inner][vc_column_inner width=&#8221;7\/12&#8243;][vc_column_text]<\/p>\n<p style=\"text-align: justify\"><span style=\"font-weight: 400\">KrokIT es un acelerador de startups que tiene como objetivo apoyar<\/span><span style=\"font-weight: 400\"> Startups de TI, negocios online, dispositivos de hardware, emprendedores.<\/span> <\/p>\n<p style=\"text-align: justify\"><span style=\"font-weight: 400\">\u00a13 meses en nuestro acelerador te ahorrar\u00e1n 2 a\u00f1os de trabajo independiente y duro en el desarrollo de tu startup!<\/span><\/p>\n<p style=\"text-align: justify\"><span style=\"font-weight: 400\">Un acelerador de inicio elimina todo lo innecesario y solo brinda conocimiento concentrado, probado en el tiempo y mucha gente. <\/span><span style=\"font-weight: 400\"> Dirigido por emprendedores experimentados, fundadores exitosos y expertos de diversos campos.<\/span><span style=\"font-weight: 400\"> aprender\u00e1 c\u00f3mo iniciar cualquier negocio desde cero, as\u00ed como c\u00f3mo aumentar las ganancias de manera significativa en poco tiempo. <\/span><span style=\"font-weight: 400\"> Tu equipo contar\u00e1 con un rastreador personal, un especialista que acompa\u00f1a el proyecto desde la idea y el establecimiento de objetivos hasta su consecuci\u00f3n.<\/span><\/p>\n<p style=\"text-align: justify\"><span style=\"font-weight: 400\">Creado por la Incubadora de Empresas &#8220;El futuro est\u00e1 con nosotros&#8221;. <\/span><\/p>\n<p>[\/vc_column_text][\/vc_column_inner][vc_column_inner width=&#8221;5\/12&#8243;][vc_single_image image=&#8221;6225&#8243; img_size=&#8221;full&#8221; alignment=&#8221;center&#8221; css=&#8221;.vc_custom_1594376924225{margin-bottom: 0px !important;padding-bottom: 0px !important;}&#8221;][\/vc_column_inner][\/vc_row_inner][vc_empty_space][vc_custom_heading text=&#8221;El equipo cuenta con m\u00e1s de 20 personas dispuestas a ayudarte. Aqu\u00ed est\u00e1n los mejores:&#8221; google_fonts=&#8221;font_family:Montserrat%3Aregular%2C700|font_style:400%20regular%3A400%3Anormal&#8221;][vc_row_inner][vc_column_inner width=&#8221;1\/4&#8243;][vc_single_image image=&#8221;6150&#8243; img_size=&#8221;full&#8221; style=&#8221;vc_box_rounded&#8221; title=&#8221;Elizaveta Penyaz&#8221;][\/vc_column_inner][vc_column_inner width=&#8221;1\/4&#8243;][vc_single_image image=&#8221;6165&#8243; img_size=&#8221;full&#8221; style=&#8221;vc_box_rounded&#8221; title=&#8221;Ver\u00f3nica Baeva&#8221;][\/vc_column_inner][vc_column_inner width=&#8221;1\/4&#8243;][vc_single_image image=&#8221;6180&#8243; img_size=&#8221;full&#8221; style=&#8221;vc_box_rounded&#8221; title=&#8221;Maria Rudkovskaya&#8221;][\/vc_column_inner][vc_column_inner width=&#8221;1\/4&#8243;][vc_single_image image=&#8221;6195&#8243; img_size=&#8221;full&#8221; style=&#8221;vc_box_rounded&#8221; title=&#8221;Christina Verenich&#8221;][\/vc_column_inner][\/vc_row_inner][vc_empty_space][vc_custom_heading text=&#8221;El fundador de KrokIT es Igor Saevets.&#8221; google_fonts=&#8221;font_family:Montserrat%3Aregular%2C700|font_style:400%20regular%3A400%3Anormal&#8221;][\/vc_column][\/vc_row][vc_row content_placement=&#8221;middle&#8221;][vc_column width=&#8221;3\/4&#8243;][vc_column_text]<span style=\"font-size: 18pt\">Igor Saevets &#8211; empresario e inversor, ex mentor en Google, Sberbank, IIDF, HSE. Director de la Incubadora de Empresas &#8220;Con nosotros el futuro&#8221;. Tambi\u00e9n es el fundador de m\u00e1s de 10 empresas.<\/span>[\/vc_column_text][\/vc_column][vc_column width=&#8221;1\/4&#8243;][vc_single_image image=&#8221;5969&#8243; img_size=&#8221;full&#8221; style=&#8221;vc_box_rounded&#8221;][\/vc_column][\/vc_row][vc_row][vc_column][vc_empty_space][vc_custom_heading text=&#8221;\u00a1Siempre en contacto para ti!&#8221; google_fonts=&#8221;font_family:Montserrat%3Aregular%2C700|font_style:400%20regular%3A400%3Anormal&#8221;][vc_row_inner][vc_column_inner width=&#8221;1\/12&#8243;][vc_single_image image=&#8221;6074&#8243;][vc_single_image image=&#8221;6089&#8243;][vc_empty_space height=&#8221;48px&#8221;][vc_single_image image=&#8221;5999&#8243;][vc_single_image image=&#8221;5999&#8243;][\/vc_column_inner][vc_column_inner width=&#8221;5\/12&#8243;][vc_column_text]+375 33666 74 66 + mensajer\u00eda instant\u00e1nea[\/vc_column_text][vc_column_text]startupkraken@gmail.com[\/vc_column_text][vc_column_text]Estamos en las redes sociales. Suscribir.[\/vc_column_text][vc_column_text]Minsk st. Kalvariyskaya 25 (oficina 611)[\/vc_column_text][vc_column_text]Borisov, calle Gagarin, 68A[\/vc_column_text][\/vc_column_inner][vc_column_inner width=&#8221;1\/2&#8243;]\n<div class=\"wpcf7 no-js\" id=\"wpcf7-f403-o1\" lang=\"en-US\" dir=\"ltr\" data-wpcf7-id=\"403\">\n<div class=\"screen-reader-response\"><p role=\"status\" aria-live=\"polite\" aria-atomic=\"true\"><\/p> <ul><\/ul><\/div>\n<form action=\"\/es\/wp-json\/wp\/v2\/pages\/8561#wpcf7-f403-o1\" method=\"post\" class=\"wpcf7-form init\" aria-label=\"Contact form\" novalidate=\"novalidate\" data-status=\"init\">\n<fieldset class=\"hidden-fields-container\"><input type=\"hidden\" name=\"_wpcf7\" value=\"403\" \/><input type=\"hidden\" name=\"_wpcf7_version\" value=\"6.1.5\" \/><input type=\"hidden\" name=\"_wpcf7_locale\" value=\"en_US\" \/><input type=\"hidden\" name=\"_wpcf7_unit_tag\" value=\"wpcf7-f403-o1\" \/><input type=\"hidden\" name=\"_wpcf7_container_post\" value=\"0\" \/><input type=\"hidden\" name=\"_wpcf7_posted_data_hash\" value=\"\" \/>\n<\/fieldset>\n<div class=\"wpcf7-turnstile cf-turnstile\" data-sitekey=\"0x4AAAAAABudRjXlQTukIGY9\" data-response-field-name=\"_wpcf7_turnstile_response\"><\/div>\n\n<div class=\"row\">\n\t<div class=\"col-xs-12 col-sm-6 col-md-6 col-lg-6\">\n\t\t<div class=\"form-group\">\n\t\t\t<p><span class=\"wpcf7-form-control-wrap\" data-name=\"nameuser\"><input size=\"40\" maxlength=\"400\" class=\"wpcf7-form-control wpcf7-text wpcf7-validates-as-required form-control\" aria-required=\"true\" aria-invalid=\"false\" placeholder=\"\u0418\u043c\u044f*\" value=\"\" type=\"text\" name=\"nameuser\" \/><\/span>\n\t\t\t<\/p>\n\t\t<\/div>\n\t<\/div>\n\t<div class=\"col-xs-12 col-sm-6 col-md-6 col-lg-6\">\n\t\t<div class=\"form-group\">\n\t\t\t<p><span class=\"wpcf7-form-control-wrap\" data-name=\"email\"><input size=\"40\" maxlength=\"400\" class=\"wpcf7-form-control wpcf7-email wpcf7-validates-as-required wpcf7-text wpcf7-validates-as-email form-control\" aria-required=\"true\" aria-invalid=\"false\" placeholder=\"Email*\" value=\"\" type=\"email\" name=\"email\" \/><\/span>\n\t\t\t<\/p>\n\t\t<\/div>\n\t<\/div>\n<\/div>\n<div class=\"row\">\n\t<div class=\"col-xs-12 col-sm-12 col-md-12 col-lg-12\">\n\t\t<div class=\"form-group\">\n\t\t\t<p><span class=\"wpcf7-form-control-wrap\" data-name=\"message\"><textarea cols=\"40\" rows=\"9\" maxlength=\"2000\" class=\"wpcf7-form-control wpcf7-textarea wpcf7-validates-as-required form-control\" aria-required=\"true\" aria-invalid=\"false\" placeholder=\"\u041d\u0430\u043f\u0438\u0441\u0430\u0442\u044c\" name=\"message\"><\/textarea><\/span>\n\t\t\t<\/p>\n\t\t<\/div>\n\t<\/div>\n<\/div>\n<div class=\"row\">\n\t<div class=\"col-xs-12 col-sm-12 col-md-12 col-lg-12\">\n\t\t<p><input class=\"wpcf7-form-control wpcf7-submit has-spinner btn btn-default\" type=\"submit\" value=\"\u041e\u0442\u043f\u0440\u0430\u0432\u0438\u0442\u044c\" \/>\n\t\t<\/p>\n\t<\/div>\n<\/div><p style=\"display: none !important;\" class=\"akismet-fields-container\" data-prefix=\"_wpcf7_ak_\"><label>&#916;<textarea name=\"_wpcf7_ak_hp_textarea\" cols=\"45\" rows=\"8\" maxlength=\"100\"><\/textarea><\/label><input type=\"hidden\" id=\"ak_js_1\" name=\"_wpcf7_ak_js\" value=\"64\"\/><script>document.getElementById( \"ak_js_1\" ).setAttribute( \"value\", ( new Date() ).getTime() );<\/script><\/p><div class=\"wpcf7-response-output\" aria-hidden=\"true\"><\/div>\n<\/form>\n<\/div>\n[\/vc_column_inner][\/vc_row_inner][\/vc_column][\/vc_row][vc_row][vc_column][vc_empty_space height=&#8221;60px&#8221;][\/vc_column][\/vc_row]<\/p>\n<\/div>","protected":false},"excerpt":{"rendered":"<p>[vc_row][vc_column][vc_custom_heading text=&#8221;\u00bfQuienes somos?&#8221; google_fonts=&#8221;font_family:Montserrat%3Aregular%2C700|font_style:400%20regular%3A400%3Anormal&#8221;][vc_row_inner][vc_column_inner width=&#8221;7\/12&#8243;][vc_column_text] KrokIT es un acelerador de startups que tiene como objetivo apoyar Startups de TI, negocios online, dispositivos de hardware, emprendedores. \u00a13 meses en nuestro acelerador te ahorrar\u00e1n 2 a\u00f1os de trabajo independiente y duro en el desarrollo de tu startup! Un acelerador de inicio elimina todo lo innecesario y solo [&hellip;]<\/p>\n","protected":false},"author":16,"featured_media":0,"parent":0,"menu_order":0,"comment_status":"closed","ping_status":"closed","template":"","meta":{"inline_featured_image":false,"footnotes":""},"class_list":["post-8561","page","type-page","status-publish","hentry"],"yoast_head":"<!-- This site is optimized with the Yoast SEO plugin v27.4 - https:\/\/yoast.com\/product\/yoast-seo-wordpress\/ -->\n<title>Sobre nosotros - \u0421\u0442\u0430\u0440\u0442\u0430\u043f-\u0430\u043a\u0441\u0435\u043b\u0435\u0440\u0430\u0442\u043e\u0440 KrokIT<\/title>\n<meta name=\"robots\" content=\"index, follow, max-snippet:-1, max-image-preview:large, max-video-preview:-1\" \/>\n<link rel=\"canonical\" href=\"https:\/\/krokit.org\/es\/o-nas\/\" class=\"yoast-seo-meta-tag\" \/>\n<meta property=\"og:locale\" content=\"es_ES\" class=\"yoast-seo-meta-tag\" \/>\n<meta property=\"og:type\" content=\"article\" class=\"yoast-seo-meta-tag\" \/>\n<meta property=\"og:title\" content=\"Sobre nosotros - \u0421\u0442\u0430\u0440\u0442\u0430\u043f-\u0430\u043a\u0441\u0435\u043b\u0435\u0440\u0430\u0442\u043e\u0440 KrokIT\" class=\"yoast-seo-meta-tag\" \/>\n<meta property=\"og:description\" content=\"[vc_row][vc_column][vc_custom_heading text=&#8221;\u00bfQuienes somos?&#8221; google_fonts=&#8221;font_family:Montserrat%3Aregular%2C700|font_style:400%20regular%3A400%3Anormal&#8221;][vc_row_inner][vc_column_inner width=&#8221;7\/12&#8243;][vc_column_text] KrokIT es un acelerador de startups que tiene como objetivo apoyar Startups de TI, negocios online, dispositivos de hardware, emprendedores. \u00a13 meses en nuestro acelerador te ahorrar\u00e1n 2 a\u00f1os de trabajo independiente y duro en el desarrollo de tu startup! Un acelerador de inicio elimina todo lo innecesario y solo [&hellip;]\" class=\"yoast-seo-meta-tag\" \/>\n<meta property=\"og:url\" content=\"https:\/\/krokit.org\/es\/o-nas\/\" class=\"yoast-seo-meta-tag\" \/>\n<meta property=\"og:site_name\" content=\"\u0421\u0442\u0430\u0440\u0442\u0430\u043f-\u0430\u043a\u0441\u0435\u043b\u0435\u0440\u0430\u0442\u043e\u0440 KrokIT\" class=\"yoast-seo-meta-tag\" \/>\n<meta property=\"article:modified_time\" content=\"2020-12-10T16:27:47+00:00\" class=\"yoast-seo-meta-tag\" \/>\n<meta name=\"twitter:card\" content=\"summary_large_image\" class=\"yoast-seo-meta-tag\" \/>\n<meta name=\"twitter:label1\" content=\"Tiempo de lectura\" class=\"yoast-seo-meta-tag\" \/>\n\t<meta name=\"twitter:data1\" content=\"3 minutos\" class=\"yoast-seo-meta-tag\" \/>\n<script type=\"application\/ld+json\" class=\"yoast-schema-graph\">{\"@context\":\"https:\\\/\\\/schema.org\",\"@graph\":[{\"@type\":\"WebPage\",\"@id\":\"https:\\\/\\\/krokit.org\\\/es\\\/o-nas\\\/\",\"url\":\"https:\\\/\\\/krokit.org\\\/es\\\/o-nas\\\/\",\"name\":\"Sobre nosotros - \u0421\u0442\u0430\u0440\u0442\u0430\u043f-\u0430\u043a\u0441\u0435\u043b\u0435\u0440\u0430\u0442\u043e\u0440 KrokIT\",\"isPartOf\":{\"@id\":\"https:\\\/\\\/krokit.org\\\/es\\\/#website\"},\"datePublished\":\"2020-05-13T17:23:25+00:00\",\"dateModified\":\"2020-12-10T16:27:47+00:00\",\"breadcrumb\":{\"@id\":\"https:\\\/\\\/krokit.org\\\/es\\\/o-nas\\\/#breadcrumb\"},\"inLanguage\":\"es\",\"potentialAction\":[{\"@type\":\"ReadAction\",\"target\":[\"https:\\\/\\\/krokit.org\\\/es\\\/o-nas\\\/\"]}]},{\"@type\":\"BreadcrumbList\",\"@id\":\"https:\\\/\\\/krokit.org\\\/es\\\/o-nas\\\/#breadcrumb\",\"itemListElement\":[{\"@type\":\"ListItem\",\"position\":1,\"name\":\"\u0413\u043b\u0430\u0432\u043d\u0430\u044f \u0441\u0442\u0440\u0430\u043d\u0438\u0446\u0430\",\"item\":\"https:\\\/\\\/krokit.org\\\/es\\\/\"},{\"@type\":\"ListItem\",\"position\":2,\"name\":\"Sobre nosotros\"}]},{\"@type\":\"WebSite\",\"@id\":\"https:\\\/\\\/krokit.org\\\/es\\\/#website\",\"url\":\"https:\\\/\\\/krokit.org\\\/es\\\/\",\"name\":\"\u0421\u0442\u0430\u0440\u0442\u0430\u043f-\u0430\u043a\u0441\u0435\u043b\u0435\u0440\u0430\u0442\u043e\u0440 KrokIT\",\"description\":\"IT \u0430\u043a\u0441\u0435\u043b\u0435\u0440\u0430\u0442\u043e\u0440 \u041a\u0440\u043e\u043a\u0438\u0434 \u0431\u0438\u0437\u043d\u0435\u0441\u043e\u0432 \u0432 \u041c\u0438\u043d\u0441\u043a\u0435, \u0411\u0435\u043b\u0430\u0440\u0443\u0441\u0438 \u043e\u0442 \u0411\u0438\u0437\u043d\u0435\u0441-\u0438\u043d\u043a\u0443\u0431\u0430\u0442\u043e\u0440\u0430 \u0421 \u043d\u0430\u043c\u0438 \u0431\u0443\u0434\u0443\u0449\u0435\u0435\",\"potentialAction\":[{\"@type\":\"SearchAction\",\"target\":{\"@type\":\"EntryPoint\",\"urlTemplate\":\"https:\\\/\\\/krokit.org\\\/es\\\/?s={search_term_string}\"},\"query-input\":{\"@type\":\"PropertyValueSpecification\",\"valueRequired\":true,\"valueName\":\"search_term_string\"}}],\"inLanguage\":\"es\"}]}<\/script>\n<!-- \/ Yoast SEO plugin. -->","yoast_head_json":{"title":"Sobre nosotros - \u0421\u0442\u0430\u0440\u0442\u0430\u043f-\u0430\u043a\u0441\u0435\u043b\u0435\u0440\u0430\u0442\u043e\u0440 KrokIT","robots":{"index":"index","follow":"follow","max-snippet":"max-snippet:-1","max-image-preview":"max-image-preview:large","max-video-preview":"max-video-preview:-1"},"canonical":"https:\/\/krokit.org\/es\/o-nas\/","og_locale":"es_ES","og_type":"article","og_title":"Sobre nosotros - \u0421\u0442\u0430\u0440\u0442\u0430\u043f-\u0430\u043a\u0441\u0435\u043b\u0435\u0440\u0430\u0442\u043e\u0440 KrokIT","og_description":"[vc_row][vc_column][vc_custom_heading text=&#8221;\u00bfQuienes somos?&#8221; google_fonts=&#8221;font_family:Montserrat%3Aregular%2C700|font_style:400%20regular%3A400%3Anormal&#8221;][vc_row_inner][vc_column_inner width=&#8221;7\/12&#8243;][vc_column_text] KrokIT es un acelerador de startups que tiene como objetivo apoyar Startups de TI, negocios online, dispositivos de hardware, emprendedores. \u00a13 meses en nuestro acelerador te ahorrar\u00e1n 2 a\u00f1os de trabajo independiente y duro en el desarrollo de tu startup! Un acelerador de inicio elimina todo lo innecesario y solo [&hellip;]","og_url":"https:\/\/krokit.org\/es\/o-nas\/","og_site_name":"\u0421\u0442\u0430\u0440\u0442\u0430\u043f-\u0430\u043a\u0441\u0435\u043b\u0435\u0440\u0430\u0442\u043e\u0440 KrokIT","article_modified_time":"2020-12-10T16:27:47+00:00","twitter_card":"summary_large_image","twitter_misc":{"Tiempo de lectura":"3 minutos"},"schema":{"@context":"https:\/\/schema.org","@graph":[{"@type":"WebPage","@id":"https:\/\/krokit.org\/es\/o-nas\/","url":"https:\/\/krokit.org\/es\/o-nas\/","name":"Sobre nosotros - \u0421\u0442\u0430\u0440\u0442\u0430\u043f-\u0430\u043a\u0441\u0435\u043b\u0435\u0440\u0430\u0442\u043e\u0440 KrokIT","isPartOf":{"@id":"https:\/\/krokit.org\/es\/#website"},"datePublished":"2020-05-13T17:23:25+00:00","dateModified":"2020-12-10T16:27:47+00:00","breadcrumb":{"@id":"https:\/\/krokit.org\/es\/o-nas\/#breadcrumb"},"inLanguage":"es","potentialAction":[{"@type":"ReadAction","target":["https:\/\/krokit.org\/es\/o-nas\/"]}]},{"@type":"BreadcrumbList","@id":"https:\/\/krokit.org\/es\/o-nas\/#breadcrumb","itemListElement":[{"@type":"ListItem","position":1,"name":"\u0413\u043b\u0430\u0432\u043d\u0430\u044f \u0441\u0442\u0440\u0430\u043d\u0438\u0446\u0430","item":"https:\/\/krokit.org\/es\/"},{"@type":"ListItem","position":2,"name":"Sobre nosotros"}]},{"@type":"WebSite","@id":"https:\/\/krokit.org\/es\/#website","url":"https:\/\/krokit.org\/es\/","name":"\u0421\u0442\u0430\u0440\u0442\u0430\u043f-\u0430\u043a\u0441\u0435\u043b\u0435\u0440\u0430\u0442\u043e\u0440 KrokIT","description":"IT \u0430\u043a\u0441\u0435\u043b\u0435\u0440\u0430\u0442\u043e\u0440 \u041a\u0440\u043e\u043a\u0438\u0434 \u0431\u0438\u0437\u043d\u0435\u0441\u043e\u0432 \u0432 \u041c\u0438\u043d\u0441\u043a\u0435, \u0411\u0435\u043b\u0430\u0440\u0443\u0441\u0438 \u043e\u0442 \u0411\u0438\u0437\u043d\u0435\u0441-\u0438\u043d\u043a\u0443\u0431\u0430\u0442\u043e\u0440\u0430 \u0421 \u043d\u0430\u043c\u0438 \u0431\u0443\u0434\u0443\u0449\u0435\u0435","potentialAction":[{"@type":"SearchAction","target":{"@type":"EntryPoint","urlTemplate":"https:\/\/krokit.org\/es\/?s={search_term_string}"},"query-input":{"@type":"PropertyValueSpecification","valueRequired":true,"valueName":"search_term_string"}}],"inLanguage":"es"}]}},"jetpack_sharing_enabled":true,"_links":{"self":[{"href":"https:\/\/krokit.org\/es\/wp-json\/wp\/v2\/pages\/8561","targetHints":{"allow":["GET"]}}],"collection":[{"href":"https:\/\/krokit.org\/es\/wp-json\/wp\/v2\/pages"}],"about":[{"href":"https:\/\/krokit.org\/es\/wp-json\/wp\/v2\/types\/page"}],"author":[{"embeddable":true,"href":"https:\/\/krokit.org\/es\/wp-json\/wp\/v2\/users\/16"}],"replies":[{"embeddable":true,"href":"https:\/\/krokit.org\/es\/wp-json\/wp\/v2\/comments?post=8561"}],"version-history":[{"count":12,"href":"https:\/\/krokit.org\/es\/wp-json\/wp\/v2\/pages\/8561\/revisions"}],"predecessor-version":[{"id":8691,"href":"https:\/\/krokit.org\/es\/wp-json\/wp\/v2\/pages\/8561\/revisions\/8691"}],"wp:attachment":[{"href":"https:\/\/krokit.org\/es\/wp-json\/wp\/v2\/media?parent=8561"}],"curies":[{"name":"wp","href":"https:\/\/api.w.org\/{rel}","templated":true}]}}