{"id":8548,"date":"2020-05-13T17:23:25","date_gmt":"2020-05-13T17:23:25","guid":{"rendered":"https:\/\/krokit.org\/o-nas\/"},"modified":"2020-12-10T16:26:49","modified_gmt":"2020-12-10T16:26:49","slug":"o-nas","status":"publish","type":"page","link":"https:\/\/krokit.org\/de\/o-nas\/","title":{"rendered":"\u00dcber uns"},"content":{"rendered":"<div class=\"wpb-content-wrapper\"><p>[vc_row][vc_column][vc_custom_heading text=&#8220;Wer sind wir?&#8220; google_fonts=&#8220;font_family:Montserrat%3Aregular%2C700|font_style:400%20regular%3A400%3Anormal&#8220;][vc_row_inner][vc_column_inner width=&#8220;7\/12&#8243;][vc_column_text]<\/p>\n<p style=\"text-align: justify\"><span style=\"font-weight: 400\">KrokIT ist ein Startup-Beschleuniger, der unterst\u00fctzt werden soll<\/span><span style=\"font-weight: 400\"> IT-Startups, Online-Unternehmen, Hardwareger\u00e4te, Unternehmer.<\/span> <\/p>\n<p style=\"text-align: justify\"><span style=\"font-weight: 400\">3 Monate in unserem Accelerator ersparen Ihnen 2 Jahre unabh\u00e4ngige und harte Arbeit bei der Entwicklung Ihres Startups!<\/span><\/p>\n<p style=\"text-align: justify\"><span style=\"font-weight: 400\">Ein Startbeschleuniger entfernt alle unn\u00f6tigen und gibt nur konzentriertes Wissen, bew\u00e4hrte und viele Menschen. <\/span><span style=\"font-weight: 400\"> Gef\u00fchrt von erfahrenen Unternehmern, erfolgreichen Gr\u00fcndern und Experten aus verschiedenen Bereichen<\/span><span style=\"font-weight: 400\"> Sie lernen, wie Sie ein Unternehmen von Grund auf neu gr\u00fcnden und in kurzer Zeit den Gewinn deutlich steigern k\u00f6nnen. <\/span><span style=\"font-weight: 400\"> Ihr Team verf\u00fcgt \u00fcber einen pers\u00f6nlichen Tracker &#8211; einen Spezialisten, der das Projekt von der Idee \u00fcber die Festlegung der Ziele bis zur Erreichung dieser Ziele begleitet.<\/span><\/p>\n<p style=\"text-align: justify\"><span style=\"font-weight: 400\">Erstellt vom Business Incubator &#8222;Die Zukunft liegt bei uns&#8220;. <\/span><\/p>\n<p>[\/vc_column_text][\/vc_column_inner][vc_column_inner width=&#8220;5\/12&#8243;][vc_single_image image=&#8220;6216&#8243; img_size=&#8220;full&#8220; alignment=&#8220;center&#8220; css=&#8220;.vc_custom_1594376924225{margin-bottom: 0px !important;padding-bottom: 0px !important;}&#8220;][\/vc_column_inner][\/vc_row_inner][vc_empty_space][vc_custom_heading text=&#8220;Das Team besteht aus mehr als 20 Personen, die bereit sind, Ihnen zu helfen. Hier sind die besten:&#8220; google_fonts=&#8220;font_family:Montserrat%3Aregular%2C700|font_style:400%20regular%3A400%3Anormal&#8220;][vc_row_inner][vc_column_inner width=&#8220;1\/4&#8243;][vc_single_image image=&#8220;6141&#8243; img_size=&#8220;full&#8220; style=&#8220;vc_box_rounded&#8220; title=&#8220;Elizaveta Penyaz&#8220;][\/vc_column_inner][vc_column_inner width=&#8220;1\/4&#8243;][vc_single_image image=&#8220;6156&#8243; img_size=&#8220;full&#8220; style=&#8220;vc_box_rounded&#8220; title=&#8220;Veronica Baeva&#8220;][\/vc_column_inner][vc_column_inner width=&#8220;1\/4&#8243;][vc_single_image image=&#8220;6171&#8243; img_size=&#8220;full&#8220; style=&#8220;vc_box_rounded&#8220; title=&#8220;Maria Rudkovskaya&#8220;][\/vc_column_inner][vc_column_inner width=&#8220;1\/4&#8243;][vc_single_image image=&#8220;6186&#8243; img_size=&#8220;full&#8220; style=&#8220;vc_box_rounded&#8220; title=&#8220;Christina Verenich&#8220;][\/vc_column_inner][\/vc_row_inner][vc_empty_space][vc_custom_heading text=&#8220;Der Gr\u00fcnder von KrokIT ist Igor Saevets.&#8220; google_fonts=&#8220;font_family:Montserrat%3Aregular%2C700|font_style:400%20regular%3A400%3Anormal&#8220;][\/vc_column][\/vc_row][vc_row content_placement=&#8220;middle&#8220;][vc_column width=&#8220;3\/4&#8243;][vc_column_text]<span style=\"font-size: 18pt\">Igor Saevets &#8211; Gesch\u00e4ftsmann und Investor, Ex-Mentor bei Google, Sberbank, IIDF, HSE. Direktor des Business Incubator &#8222;Mit uns die Zukunft&#8220;. Er ist auch der Gr\u00fcnder von mehr als 10 Unternehmen.<\/span>[\/vc_column_text][\/vc_column][vc_column width=&#8220;1\/4&#8243;][vc_single_image image=&#8220;5960&#8243; img_size=&#8220;full&#8220; style=&#8220;vc_box_rounded&#8220;][\/vc_column][\/vc_row][vc_row][vc_column][vc_empty_space][vc_custom_heading text=&#8220;Immer in Kontakt f\u00fcr Sie!&#8220; google_fonts=&#8220;font_family:Montserrat%3Aregular%2C700|font_style:400%20regular%3A400%3Anormal&#8220;][vc_row_inner][vc_column_inner width=&#8220;1\/12&#8243;][vc_single_image image=&#8220;6065&#8243;][vc_single_image image=&#8220;6080&#8243;][vc_empty_space height=&#8220;48px&#8220;][vc_single_image image=&#8220;5990&#8243;][vc_single_image image=&#8220;5990&#8243;][\/vc_column_inner][vc_column_inner width=&#8220;5\/12&#8243;][vc_column_text]+375 33 666 74 66 + Instant Messenger[\/vc_column_text][vc_column_text]Startupkraken@gmail.com[\/vc_column_text][vc_column_text]Wir sind in sozialen Netzwerken. Abonnieren.[\/vc_column_text][vc_column_text]Minsk st. Kalvariyskaya 25 (B\u00fcro 611)[\/vc_column_text][vc_column_text]Borisov, Gagarin St., 68A[\/vc_column_text][\/vc_column_inner][vc_column_inner width=&#8220;1\/2&#8243;]\n<div class=\"wpcf7 no-js\" id=\"wpcf7-f403-o1\" lang=\"en-US\" dir=\"ltr\" data-wpcf7-id=\"403\">\n<div class=\"screen-reader-response\"><p role=\"status\" aria-live=\"polite\" aria-atomic=\"true\"><\/p> <ul><\/ul><\/div>\n<form action=\"\/de\/wp-json\/wp\/v2\/pages\/8548#wpcf7-f403-o1\" method=\"post\" class=\"wpcf7-form init\" aria-label=\"Contact form\" novalidate=\"novalidate\" data-status=\"init\">\n<fieldset class=\"hidden-fields-container\"><input type=\"hidden\" name=\"_wpcf7\" value=\"403\" \/><input type=\"hidden\" name=\"_wpcf7_version\" value=\"6.1.5\" \/><input type=\"hidden\" name=\"_wpcf7_locale\" value=\"en_US\" \/><input type=\"hidden\" name=\"_wpcf7_unit_tag\" value=\"wpcf7-f403-o1\" \/><input type=\"hidden\" name=\"_wpcf7_container_post\" value=\"0\" \/><input type=\"hidden\" name=\"_wpcf7_posted_data_hash\" value=\"\" \/>\n<\/fieldset>\n<div class=\"wpcf7-turnstile cf-turnstile\" data-sitekey=\"0x4AAAAAABudRjXlQTukIGY9\" data-response-field-name=\"_wpcf7_turnstile_response\"><\/div>\n\n<div class=\"row\">\n\t<div class=\"col-xs-12 col-sm-6 col-md-6 col-lg-6\">\n\t\t<div class=\"form-group\">\n\t\t\t<p><span class=\"wpcf7-form-control-wrap\" data-name=\"nameuser\"><input size=\"40\" maxlength=\"400\" class=\"wpcf7-form-control wpcf7-text wpcf7-validates-as-required form-control\" aria-required=\"true\" aria-invalid=\"false\" placeholder=\"\u0418\u043c\u044f*\" value=\"\" type=\"text\" name=\"nameuser\" \/><\/span>\n\t\t\t<\/p>\n\t\t<\/div>\n\t<\/div>\n\t<div class=\"col-xs-12 col-sm-6 col-md-6 col-lg-6\">\n\t\t<div class=\"form-group\">\n\t\t\t<p><span class=\"wpcf7-form-control-wrap\" data-name=\"email\"><input size=\"40\" maxlength=\"400\" class=\"wpcf7-form-control wpcf7-email wpcf7-validates-as-required wpcf7-text wpcf7-validates-as-email form-control\" aria-required=\"true\" aria-invalid=\"false\" placeholder=\"Email*\" value=\"\" type=\"email\" name=\"email\" \/><\/span>\n\t\t\t<\/p>\n\t\t<\/div>\n\t<\/div>\n<\/div>\n<div class=\"row\">\n\t<div class=\"col-xs-12 col-sm-12 col-md-12 col-lg-12\">\n\t\t<div class=\"form-group\">\n\t\t\t<p><span class=\"wpcf7-form-control-wrap\" data-name=\"message\"><textarea cols=\"40\" rows=\"9\" maxlength=\"2000\" class=\"wpcf7-form-control wpcf7-textarea wpcf7-validates-as-required form-control\" aria-required=\"true\" aria-invalid=\"false\" placeholder=\"\u041d\u0430\u043f\u0438\u0441\u0430\u0442\u044c\" name=\"message\"><\/textarea><\/span>\n\t\t\t<\/p>\n\t\t<\/div>\n\t<\/div>\n<\/div>\n<div class=\"row\">\n\t<div class=\"col-xs-12 col-sm-12 col-md-12 col-lg-12\">\n\t\t<p><input class=\"wpcf7-form-control wpcf7-submit has-spinner btn btn-default\" type=\"submit\" value=\"\u041e\u0442\u043f\u0440\u0430\u0432\u0438\u0442\u044c\" \/>\n\t\t<\/p>\n\t<\/div>\n<\/div><p style=\"display: none !important;\" class=\"akismet-fields-container\" data-prefix=\"_wpcf7_ak_\"><label>&#916;<textarea name=\"_wpcf7_ak_hp_textarea\" cols=\"45\" rows=\"8\" maxlength=\"100\"><\/textarea><\/label><input type=\"hidden\" id=\"ak_js_1\" name=\"_wpcf7_ak_js\" value=\"73\"\/><script>document.getElementById( \"ak_js_1\" ).setAttribute( \"value\", ( new Date() ).getTime() );<\/script><\/p><div class=\"wpcf7-response-output\" aria-hidden=\"true\"><\/div>\n<\/form>\n<\/div>\n[\/vc_column_inner][\/vc_row_inner][\/vc_column][\/vc_row][vc_row][vc_column][vc_empty_space height=&#8220;60px&#8220;][\/vc_column][\/vc_row]<\/p>\n<\/div>","protected":false},"excerpt":{"rendered":"<p>[vc_row][vc_column][vc_custom_heading text=&#8220;Wer sind wir?&#8220; google_fonts=&#8220;font_family:Montserrat%3Aregular%2C700|font_style:400%20regular%3A400%3Anormal&#8220;][vc_row_inner][vc_column_inner width=&#8220;7\/12&#8243;][vc_column_text] KrokIT ist ein Startup-Beschleuniger, der unterst\u00fctzt werden soll IT-Startups, Online-Unternehmen, Hardwareger\u00e4te, Unternehmer. 3 Monate in unserem Accelerator ersparen Ihnen 2 Jahre unabh\u00e4ngige und harte Arbeit bei der Entwicklung Ihres Startups! Ein Startbeschleuniger entfernt alle unn\u00f6tigen und gibt nur konzentriertes Wissen, bew\u00e4hrte und viele Menschen. Gef\u00fchrt von erfahrenen Unternehmern, erfolgreichen [&hellip;]<\/p>\n","protected":false},"author":16,"featured_media":0,"parent":0,"menu_order":0,"comment_status":"closed","ping_status":"closed","template":"","meta":{"inline_featured_image":false,"footnotes":""},"class_list":["post-8548","page","type-page","status-publish","hentry"],"yoast_head":"<!-- This site is optimized with the Yoast SEO plugin v27.4 - https:\/\/yoast.com\/product\/yoast-seo-wordpress\/ -->\n<title>\u00dcber uns - \u0421\u0442\u0430\u0440\u0442\u0430\u043f-\u0430\u043a\u0441\u0435\u043b\u0435\u0440\u0430\u0442\u043e\u0440 KrokIT<\/title>\n<meta name=\"robots\" content=\"index, follow, max-snippet:-1, max-image-preview:large, max-video-preview:-1\" \/>\n<link rel=\"canonical\" href=\"https:\/\/krokit.org\/de\/o-nas\/\" class=\"yoast-seo-meta-tag\" \/>\n<meta property=\"og:locale\" content=\"de_DE\" class=\"yoast-seo-meta-tag\" \/>\n<meta property=\"og:type\" content=\"article\" class=\"yoast-seo-meta-tag\" \/>\n<meta property=\"og:title\" content=\"\u00dcber uns - \u0421\u0442\u0430\u0440\u0442\u0430\u043f-\u0430\u043a\u0441\u0435\u043b\u0435\u0440\u0430\u0442\u043e\u0440 KrokIT\" class=\"yoast-seo-meta-tag\" \/>\n<meta property=\"og:description\" content=\"[vc_row][vc_column][vc_custom_heading text=&#8220;Wer sind wir?&#8220; google_fonts=&#8220;font_family:Montserrat%3Aregular%2C700|font_style:400%20regular%3A400%3Anormal&#8220;][vc_row_inner][vc_column_inner width=&#8220;7\/12&#8243;][vc_column_text] KrokIT ist ein Startup-Beschleuniger, der unterst\u00fctzt werden soll IT-Startups, Online-Unternehmen, Hardwareger\u00e4te, Unternehmer. 3 Monate in unserem Accelerator ersparen Ihnen 2 Jahre unabh\u00e4ngige und harte Arbeit bei der Entwicklung Ihres Startups! Ein Startbeschleuniger entfernt alle unn\u00f6tigen und gibt nur konzentriertes Wissen, bew\u00e4hrte und viele Menschen. Gef\u00fchrt von erfahrenen Unternehmern, erfolgreichen [&hellip;]\" class=\"yoast-seo-meta-tag\" \/>\n<meta property=\"og:url\" content=\"https:\/\/krokit.org\/de\/o-nas\/\" class=\"yoast-seo-meta-tag\" \/>\n<meta property=\"og:site_name\" content=\"\u0421\u0442\u0430\u0440\u0442\u0430\u043f-\u0430\u043a\u0441\u0435\u043b\u0435\u0440\u0430\u0442\u043e\u0440 KrokIT\" class=\"yoast-seo-meta-tag\" \/>\n<meta property=\"article:modified_time\" content=\"2020-12-10T16:26:49+00:00\" class=\"yoast-seo-meta-tag\" \/>\n<meta name=\"twitter:card\" content=\"summary_large_image\" class=\"yoast-seo-meta-tag\" \/>\n<meta name=\"twitter:label1\" content=\"Gesch\u00e4tzte Lesezeit\" class=\"yoast-seo-meta-tag\" \/>\n\t<meta name=\"twitter:data1\" content=\"3\u00a0Minuten\" class=\"yoast-seo-meta-tag\" \/>\n<script type=\"application\/ld+json\" class=\"yoast-schema-graph\">{\"@context\":\"https:\\\/\\\/schema.org\",\"@graph\":[{\"@type\":\"WebPage\",\"@id\":\"https:\\\/\\\/krokit.org\\\/de\\\/o-nas\\\/\",\"url\":\"https:\\\/\\\/krokit.org\\\/de\\\/o-nas\\\/\",\"name\":\"\u00dcber uns - \u0421\u0442\u0430\u0440\u0442\u0430\u043f-\u0430\u043a\u0441\u0435\u043b\u0435\u0440\u0430\u0442\u043e\u0440 KrokIT\",\"isPartOf\":{\"@id\":\"https:\\\/\\\/krokit.org\\\/de\\\/#website\"},\"datePublished\":\"2020-05-13T17:23:25+00:00\",\"dateModified\":\"2020-12-10T16:26:49+00:00\",\"breadcrumb\":{\"@id\":\"https:\\\/\\\/krokit.org\\\/de\\\/o-nas\\\/#breadcrumb\"},\"inLanguage\":\"de\",\"potentialAction\":[{\"@type\":\"ReadAction\",\"target\":[\"https:\\\/\\\/krokit.org\\\/de\\\/o-nas\\\/\"]}]},{\"@type\":\"BreadcrumbList\",\"@id\":\"https:\\\/\\\/krokit.org\\\/de\\\/o-nas\\\/#breadcrumb\",\"itemListElement\":[{\"@type\":\"ListItem\",\"position\":1,\"name\":\"\u0413\u043b\u0430\u0432\u043d\u0430\u044f \u0441\u0442\u0440\u0430\u043d\u0438\u0446\u0430\",\"item\":\"https:\\\/\\\/krokit.org\\\/de\\\/home-2\\\/\"},{\"@type\":\"ListItem\",\"position\":2,\"name\":\"\u00dcber uns\"}]},{\"@type\":\"WebSite\",\"@id\":\"https:\\\/\\\/krokit.org\\\/de\\\/#website\",\"url\":\"https:\\\/\\\/krokit.org\\\/de\\\/\",\"name\":\"\u0421\u0442\u0430\u0440\u0442\u0430\u043f-\u0430\u043a\u0441\u0435\u043b\u0435\u0440\u0430\u0442\u043e\u0440 KrokIT\",\"description\":\"IT \u0430\u043a\u0441\u0435\u043b\u0435\u0440\u0430\u0442\u043e\u0440 \u041a\u0440\u043e\u043a\u0438\u0434 \u0431\u0438\u0437\u043d\u0435\u0441\u043e\u0432 \u0432 \u041c\u0438\u043d\u0441\u043a\u0435, \u0411\u0435\u043b\u0430\u0440\u0443\u0441\u0438 \u043e\u0442 \u0411\u0438\u0437\u043d\u0435\u0441-\u0438\u043d\u043a\u0443\u0431\u0430\u0442\u043e\u0440\u0430 \u0421 \u043d\u0430\u043c\u0438 \u0431\u0443\u0434\u0443\u0449\u0435\u0435\",\"potentialAction\":[{\"@type\":\"SearchAction\",\"target\":{\"@type\":\"EntryPoint\",\"urlTemplate\":\"https:\\\/\\\/krokit.org\\\/de\\\/?s={search_term_string}\"},\"query-input\":{\"@type\":\"PropertyValueSpecification\",\"valueRequired\":true,\"valueName\":\"search_term_string\"}}],\"inLanguage\":\"de\"}]}<\/script>\n<!-- \/ Yoast SEO plugin. -->","yoast_head_json":{"title":"\u00dcber uns - \u0421\u0442\u0430\u0440\u0442\u0430\u043f-\u0430\u043a\u0441\u0435\u043b\u0435\u0440\u0430\u0442\u043e\u0440 KrokIT","robots":{"index":"index","follow":"follow","max-snippet":"max-snippet:-1","max-image-preview":"max-image-preview:large","max-video-preview":"max-video-preview:-1"},"canonical":"https:\/\/krokit.org\/de\/o-nas\/","og_locale":"de_DE","og_type":"article","og_title":"\u00dcber uns - \u0421\u0442\u0430\u0440\u0442\u0430\u043f-\u0430\u043a\u0441\u0435\u043b\u0435\u0440\u0430\u0442\u043e\u0440 KrokIT","og_description":"[vc_row][vc_column][vc_custom_heading text=&#8220;Wer sind wir?&#8220; google_fonts=&#8220;font_family:Montserrat%3Aregular%2C700|font_style:400%20regular%3A400%3Anormal&#8220;][vc_row_inner][vc_column_inner width=&#8220;7\/12&#8243;][vc_column_text] KrokIT ist ein Startup-Beschleuniger, der unterst\u00fctzt werden soll IT-Startups, Online-Unternehmen, Hardwareger\u00e4te, Unternehmer. 3 Monate in unserem Accelerator ersparen Ihnen 2 Jahre unabh\u00e4ngige und harte Arbeit bei der Entwicklung Ihres Startups! Ein Startbeschleuniger entfernt alle unn\u00f6tigen und gibt nur konzentriertes Wissen, bew\u00e4hrte und viele Menschen. Gef\u00fchrt von erfahrenen Unternehmern, erfolgreichen [&hellip;]","og_url":"https:\/\/krokit.org\/de\/o-nas\/","og_site_name":"\u0421\u0442\u0430\u0440\u0442\u0430\u043f-\u0430\u043a\u0441\u0435\u043b\u0435\u0440\u0430\u0442\u043e\u0440 KrokIT","article_modified_time":"2020-12-10T16:26:49+00:00","twitter_card":"summary_large_image","twitter_misc":{"Gesch\u00e4tzte Lesezeit":"3\u00a0Minuten"},"schema":{"@context":"https:\/\/schema.org","@graph":[{"@type":"WebPage","@id":"https:\/\/krokit.org\/de\/o-nas\/","url":"https:\/\/krokit.org\/de\/o-nas\/","name":"\u00dcber uns - \u0421\u0442\u0430\u0440\u0442\u0430\u043f-\u0430\u043a\u0441\u0435\u043b\u0435\u0440\u0430\u0442\u043e\u0440 KrokIT","isPartOf":{"@id":"https:\/\/krokit.org\/de\/#website"},"datePublished":"2020-05-13T17:23:25+00:00","dateModified":"2020-12-10T16:26:49+00:00","breadcrumb":{"@id":"https:\/\/krokit.org\/de\/o-nas\/#breadcrumb"},"inLanguage":"de","potentialAction":[{"@type":"ReadAction","target":["https:\/\/krokit.org\/de\/o-nas\/"]}]},{"@type":"BreadcrumbList","@id":"https:\/\/krokit.org\/de\/o-nas\/#breadcrumb","itemListElement":[{"@type":"ListItem","position":1,"name":"\u0413\u043b\u0430\u0432\u043d\u0430\u044f \u0441\u0442\u0440\u0430\u043d\u0438\u0446\u0430","item":"https:\/\/krokit.org\/de\/home-2\/"},{"@type":"ListItem","position":2,"name":"\u00dcber uns"}]},{"@type":"WebSite","@id":"https:\/\/krokit.org\/de\/#website","url":"https:\/\/krokit.org\/de\/","name":"\u0421\u0442\u0430\u0440\u0442\u0430\u043f-\u0430\u043a\u0441\u0435\u043b\u0435\u0440\u0430\u0442\u043e\u0440 KrokIT","description":"IT \u0430\u043a\u0441\u0435\u043b\u0435\u0440\u0430\u0442\u043e\u0440 \u041a\u0440\u043e\u043a\u0438\u0434 \u0431\u0438\u0437\u043d\u0435\u0441\u043e\u0432 \u0432 \u041c\u0438\u043d\u0441\u043a\u0435, \u0411\u0435\u043b\u0430\u0440\u0443\u0441\u0438 \u043e\u0442 \u0411\u0438\u0437\u043d\u0435\u0441-\u0438\u043d\u043a\u0443\u0431\u0430\u0442\u043e\u0440\u0430 \u0421 \u043d\u0430\u043c\u0438 \u0431\u0443\u0434\u0443\u0449\u0435\u0435","potentialAction":[{"@type":"SearchAction","target":{"@type":"EntryPoint","urlTemplate":"https:\/\/krokit.org\/de\/?s={search_term_string}"},"query-input":{"@type":"PropertyValueSpecification","valueRequired":true,"valueName":"search_term_string"}}],"inLanguage":"de"}]}},"jetpack_sharing_enabled":true,"_links":{"self":[{"href":"https:\/\/krokit.org\/de\/wp-json\/wp\/v2\/pages\/8548","targetHints":{"allow":["GET"]}}],"collection":[{"href":"https:\/\/krokit.org\/de\/wp-json\/wp\/v2\/pages"}],"about":[{"href":"https:\/\/krokit.org\/de\/wp-json\/wp\/v2\/types\/page"}],"author":[{"embeddable":true,"href":"https:\/\/krokit.org\/de\/wp-json\/wp\/v2\/users\/16"}],"replies":[{"embeddable":true,"href":"https:\/\/krokit.org\/de\/wp-json\/wp\/v2\/comments?post=8548"}],"version-history":[{"count":5,"href":"https:\/\/krokit.org\/de\/wp-json\/wp\/v2\/pages\/8548\/revisions"}],"predecessor-version":[{"id":8589,"href":"https:\/\/krokit.org\/de\/wp-json\/wp\/v2\/pages\/8548\/revisions\/8589"}],"wp:attachment":[{"href":"https:\/\/krokit.org\/de\/wp-json\/wp\/v2\/media?parent=8548"}],"curies":[{"name":"wp","href":"https:\/\/api.w.org\/{rel}","templated":true}]}}